{"id":3078,"date":"2019-04-05T22:53:58","date_gmt":"2019-04-05T22:53:58","guid":{"rendered":"https:\/\/www.coolclinic.com.tr\/en\/?page_id=3078"},"modified":"2021-04-04T13:01:12","modified_gmt":"2021-04-04T13:01:12","slug":"losing-fat-vs-losing-weight","status":"publish","type":"page","link":"https:\/\/www.coolclinic.com.tr\/en\/losing-fat-vs-losing-weight\/","title":{"rendered":"Losing Fat Vs Losing Weight"},"content":{"rendered":"<p>[vc_row full_width=&#8221;stretch_row&#8221; woodmart_bg_position=&#8221;center-center&#8221; mobile_bg_img_hidden=&#8221;no&#8221; woodmart_parallax=&#8221;0&#8243; woodmart_gradient_switch=&#8221;no&#8221; row_reverse_mobile=&#8221;0&#8243; row_reverse_tablet=&#8221;0&#8243; woodmart_disable_overflow=&#8221;0&#8243; css=&#8221;.vc_custom_1614818522740{margin-top: -40px !important;padding-top: 140px !important;padding-bottom: 140px !important;background-image: url(https:\/\/www.coolclinic.com.tr\/wp-content\/uploads\/2021\/03\/Kilo-Kaybi-ve-Yag-Azalmasi.jpg?id=3710) !important;background-position: 0 0 !important;background-repeat: no-repeat !important;}&#8221; tablet_bg_img_hidden=&#8221;no&#8221; el_class=&#8221;hidden-xs&#8221;][vc_column mobile_bg_img_hidden=&#8221;no&#8221; woodmart_parallax=&#8221;0&#8243; woodmart_sticky_column=&#8221;false&#8221; parallax_scroll=&#8221;no&#8221; mobile_reset_margin=&#8221;no&#8221; tablet_reset_margin=&#8221;no&#8221; css=&#8221;.vc_custom_1554500067099{margin-bottom: 40px !important;}&#8221;]\t\t\n\t\t<div id=\"wd-6069b6f8d9d98\" class=\"title-wrapper  woodmart-title-color-default woodmart-title-style-default woodmart-title-width-100 text-left woodmart-title-size-custom \">\n\t\t\t\t\t\t\n\t\t\t<div class=\"liner-continer\">\n\t\t\t\t<span class=\"left-line\"><\/span>\n\t\t\t\t<h1 class=\"woodmart-title-container title  woodmart-font-weight-\" >Losing Fat Vs Losing Weight<\/h1>\t\t\t\t\t\t\t\t<span class=\"right-line\"><\/span>\n\t\t\t<\/div>\n\t\t\t\n\t\t\t\t\t\t\n\t\t\t\t\t<\/div>\n\t\t\n\t\t[\/vc_column][\/vc_row][vc_row full_width=&#8221;stretch_row&#8221; woodmart_bg_position=&#8221;right-top&#8221; mobile_bg_img_hidden=&#8221;no&#8221; woodmart_parallax=&#8221;0&#8243; woodmart_gradient_switch=&#8221;no&#8221; row_reverse_mobile=&#8221;0&#8243; row_reverse_tablet=&#8221;0&#8243; woodmart_disable_overflow=&#8221;0&#8243; css=&#8221;.vc_custom_1614818819923{margin-top: -40px !important;padding-top: 110px !important;padding-bottom: 110px !important;background-image: url(https:\/\/www.coolclinic.com.tr\/wp-content\/uploads\/2021\/03\/Kilo-Kaybi-ve-Yag-Azalmasi-mobil.jpg?id=3712) !important;background-position: 0 0 !important;background-repeat: no-repeat !important;}&#8221; tablet_bg_img_hidden=&#8221;no&#8221; el_class=&#8221;hidden-md hidden-lg hidden-sm&#8221;][vc_column mobile_bg_img_hidden=&#8221;no&#8221; woodmart_parallax=&#8221;0&#8243; woodmart_sticky_column=&#8221;false&#8221; parallax_scroll=&#8221;no&#8221; mobile_reset_margin=&#8221;no&#8221; tablet_reset_margin=&#8221;no&#8221; css=&#8221;.vc_custom_1554500067099{margin-bottom: 40px !important;}&#8221;]\t\t\n\t\t<div id=\"wd-6069b708cb577\" class=\"title-wrapper  woodmart-title-color-default woodmart-title-style-default woodmart-title-width-100 text-left woodmart-title-size-custom \">\n\t\t\t\t\t\t\n\t\t\t<div class=\"liner-continer\">\n\t\t\t\t<span class=\"left-line\"><\/span>\n\t\t\t\t<h1 class=\"woodmart-title-container title  woodmart-font-weight-\" >Losing Fat<br \/>\nVs<br \/>\nLosing Weight<\/h1>\t\t\t\t\t\t\t\t<span class=\"right-line\"><\/span>\n\t\t\t<\/div>\n\t\t\t\n\t\t\t\t\t\t\n\t\t\t\t\t<\/div>\n\t\t\n\t\t[\/vc_column][\/vc_row][vc_row full_width=&#8221;stretch_row&#8221; mobile_bg_img_hidden=&#8221;no&#8221; woodmart_parallax=&#8221;0&#8243; woodmart_gradient_switch=&#8221;no&#8221; row_reverse_mobile=&#8221;0&#8243; row_reverse_tablet=&#8221;0&#8243; woodmart_disable_overflow=&#8221;0&#8243; tablet_bg_img_hidden=&#8221;no&#8221; css=&#8221;.vc_custom_1614867201084{background-color: #0063bc !important;}&#8221;][vc_column css=&#8221;.vc_custom_1554549898216{margin-bottom: 25px !important;border-bottom-width: 2px !important;padding-top: -30px !important;border-bottom-color: #1e73be !important;border-bottom-style: solid !important;}&#8221; mobile_bg_img_hidden=&#8221;no&#8221; woodmart_parallax=&#8221;0&#8243; woodmart_sticky_column=&#8221;false&#8221; parallax_scroll=&#8221;no&#8221; mobile_reset_margin=&#8221;no&#8221; tablet_reset_margin=&#8221;no&#8221;]\t\n\t\t\t<div id=\"wd-6069b872917ec\" class=\"woodmart-text-block-wrapper color-scheme-custom woodmart-title-size-medium woodmart-title-width-100 text-center vc_custom_1617541256830\">\n\t\t\t\t<div class=\"woodmart-title-container woodmart-text-block font-primary woodmart-font-weight-\">\n\t\t\t\t\t<span style=\"color: #ffffff;\">Freezing Fat Removal <strong>NON \u2013 Surgical No Needle<\/strong><\/span>\t\t\t\t<\/div>\n\t\t\t\t\t\n\t\t\t<\/div>\n\t\t\t\n\t\t\t<div id=\"wd-6069b88e1c9d9\" class=\"woodmart-text-block-wrapper color-scheme-custom woodmart-title-size-small woodmart-title-width-100 text-center \">\n\t\t\t\t<div class=\"woodmart-title-container woodmart-text-block font-primary woodmart-font-weight-\">\n\t\t\t\t\t<span style=\"color: #ffffff;\">CoolSculpting is a non-surgical method that permanently destroys unwanted fats in order to shape the body.<br \/>\n<\/span>\t\t\t\t<\/div>\n\t\t\t\t\t\n\t\t\t<\/div>\n\t\t[\/vc_column][\/vc_row][vc_row css=&#8221;.vc_custom_1554549923930{margin-top: -20px !important;}&#8221; mobile_bg_img_hidden=&#8221;no&#8221; woodmart_parallax=&#8221;0&#8243; woodmart_gradient_switch=&#8221;no&#8221; row_reverse_mobile=&#8221;0&#8243; row_reverse_tablet=&#8221;0&#8243; woodmart_disable_overflow=&#8221;0&#8243;][vc_column width=&#8221;1\/2&#8243; mobile_bg_img_hidden=&#8221;no&#8221; woodmart_parallax=&#8221;0&#8243; woodmart_sticky_column=&#8221;false&#8221; parallax_scroll=&#8221;no&#8221; mobile_reset_margin=&#8221;no&#8221; tablet_reset_margin=&#8221;no&#8221;]\t\n\t\t\t<div id=\"wd-5d2cb938f091f\" class=\"woodmart-text-block-wrapper color-scheme-custom woodmart-title-size-medium woodmart-title-width-100 text-center \">\n\t\t\t\t<div class=\"woodmart-title-container woodmart-text-block font-primary woodmart-font-weight-\">\n\t\t\t\t\t<strong>Fat CELLS<\/strong><br \/>\nAFTER WEIGHT LOSS\t\t\t\t<\/div>\n\t\t\t\t\t\n\t\t\t<\/div>\n\t\t[vc_row_inner][vc_column_inner width=&#8221;1\/3&#8243;]\t\n\t\t\t<div id=\"wd-5d2cb96ce7f8e\" class=\"woodmart-text-block-wrapper color-scheme- woodmart-title-size-custom woodmart-title-width-100 text-left \">\n\t\t\t\t<div class=\"woodmart-title-container woodmart-text-block font-primary woodmart-font-weight-\">\n\t\t\t\t\t<span style=\"color: #0cc0f1;\"><strong>A) What happens when I lose weight?<br \/>\n<\/strong><\/span><\/p>\n<p>When weight is lost, the volume of fat cells decreases, but the number of fat cells remains the same.\t\t\t\t<\/div>\n\t\t\t\t\t\n\t\t\t<\/div>\n\t\t[\/vc_column_inner][vc_column_inner width=&#8221;2\/3&#8243;][vc_single_image image=&#8221;3029&#8243; img_size=&#8221;full&#8221; onclick=&#8221;zoom&#8221; parallax_scroll=&#8221;no&#8221;][\/vc_column_inner][\/vc_row_inner][\/vc_column][vc_column width=&#8221;1\/2&#8243;]\t\n\t\t\t<div id=\"wd-5d2cb955b7f81\" class=\"woodmart-text-block-wrapper color-scheme-custom woodmart-title-size-medium woodmart-title-width-100 text-center \">\n\t\t\t\t<div class=\"woodmart-title-container woodmart-text-block font-primary woodmart-font-weight-\">\n\t\t\t\t\t<strong>Fat CELLS<\/strong><br \/>\nAFTER COOLSCULPTING\u00ae\t\t\t\t<\/div>\n\t\t\t\t\t\n\t\t\t<\/div>\n\t\t[vc_row_inner][vc_column_inner width=&#8221;1\/3&#8243;]\t\n\t\t\t<div id=\"wd-5d2cb9c8b4935\" class=\"woodmart-text-block-wrapper color-scheme- woodmart-title-size-custom woodmart-title-width-100 text-left \">\n\t\t\t\t<div class=\"woodmart-title-container woodmart-text-block font-primary woodmart-font-weight-\">\n\t\t\t\t\t<span style=\"color: #0cc0f1;\"><strong>B) What happens after CoolSculpting\u00ae treatment?<\/strong><\/span><\/p>\n<p>After treatment that destroys the fat cells by targeting them, fewer fat cells will be present on the treated area. There will be no change on untreated areas.<\/p>\n<p>If the patient gains weight after the CoolSculpting\u00ae procedure, the remaining fat cells can absorb excess fat.\t\t\t\t<\/div>\n\t\t\t\t\t\n\t\t\t<\/div>\n\t\t[\/vc_column_inner][vc_column_inner width=&#8221;2\/3&#8243;][vc_single_image image=&#8221;3030&#8243; img_size=&#8221;full&#8221; onclick=&#8221;zoom&#8221; parallax_scroll=&#8221;no&#8221;][\/vc_column_inner][\/vc_row_inner][\/vc_column][\/vc_row][vc_row full_width=&#8221;stretch_row&#8221; mobile_bg_img_hidden=&#8221;no&#8221; woodmart_parallax=&#8221;0&#8243; woodmart_gradient_switch=&#8221;yes&#8221; row_reverse_mobile=&#8221;0&#8243; row_reverse_tablet=&#8221;0&#8243; woodmart_disable_overflow=&#8221;0&#8243; woodmart_color_gradient=&#8221;rgb(64, 169, 232)-0\/rgb(0, 100, 161)-100\/|linear-gradient(top , rgb(64, 169, 232) , rgb(0, 100, 161) 100%)|linear|top&#8221; css=&#8221;.vc_custom_1554549979097{padding-top: 30px !important;}&#8221;][vc_column mobile_bg_img_hidden=&#8221;no&#8221; woodmart_parallax=&#8221;0&#8243; woodmart_sticky_column=&#8221;false&#8221; parallax_scroll=&#8221;no&#8221; mobile_reset_margin=&#8221;no&#8221; tablet_reset_margin=&#8221;no&#8221; css=&#8221;.vc_custom_1554500067099{margin-bottom: 40px !important;}&#8221;]\t\t\n\t\t<div id=\"wd-5d2cb9e792163\" class=\"title-wrapper  woodmart-title-color-default woodmart-title-style-default woodmart-title-width-100 text-center woodmart-title-size-medium \">\n\t\t\t\t\t\t\n\t\t\t<div class=\"liner-continer\">\n\t\t\t\t<span class=\"left-line\"><\/span>\n\t\t\t\t<h4 class=\"woodmart-title-container title  woodmart-font-weight-\" >REDUCES FAT PLATE IN DIFFERENT TREATMENT ZONES<\/h4>\t\t\t\t\t\t\t\t<span class=\"right-line\"><\/span>\n\t\t\t<\/div>\n\t\t\t\n\t\t\t\t\t\t\n\t\t\t\t\t<\/div>\n\t\t\n\t\t\t\n\t\t\t<div id=\"wd-5d2cb9f5ed9c9\" class=\"woodmart-text-block-wrapper color-scheme-light woodmart-title-size-custom woodmart-title-width-90 text-center \">\n\t\t\t\t<div class=\"woodmart-title-container woodmart-text-block font-primary woodmart-font-weight-\">\n\t\t\t\t\tThe treatment plan to be implemented in order to achieve the desired results is decided by considering the individual needs, body shape and objectives.<\/p>\n<p>After CoolSculpting\u00ae treatment, fat cells are destroyed and metabolically excreted shortly after the procedure.\t\t\t\t<\/div>\n\t\t\t\t\t\n\t\t\t<\/div>\n\t\t<div id=\"wd-5d2cba71e8266\" class=\"woodmart-button-wrapper text-center\"><a href=\"https:\/\/www.coolclinic.com.tr\/en\/how-it-works\/\" title=\"\" class=\"btn btn-scheme-light btn-scheme-hover-dark btn-style-bordered btn-shape-rectangle btn-size-default\">How It Works<\/a><\/div>[\/vc_column][\/vc_row][vc_row full_width=&#8221;stretch_row&#8221; css=&#8221;.vc_custom_1554494862402{margin-bottom: -40px !important;background-image: url(https:\/\/www.coolclinic.com.tr\/en\/wp-content\/uploads\/2019\/04\/blured.jpg?id=3083) !important;}&#8221; mobile_bg_img_hidden=&#8221;no&#8221; woodmart_parallax=&#8221;0&#8243; woodmart_gradient_switch=&#8221;no&#8221; row_reverse_mobile=&#8221;0&#8243; row_reverse_tablet=&#8221;0&#8243; woodmart_disable_overflow=&#8221;0&#8243;][vc_column width=&#8221;1\/3&#8243; css=&#8221;.vc_custom_1554494765390{margin-top: 50px !important;margin-bottom: 50px !important;background-color: rgba(255,255,255,0.81) !important;*background-color: rgb(255,255,255) !important;}&#8221; mobile_bg_img_hidden=&#8221;no&#8221; woodmart_parallax=&#8221;0&#8243; woodmart_sticky_column=&#8221;false&#8221; parallax_scroll=&#8221;no&#8221; mobile_reset_margin=&#8221;no&#8221; tablet_reset_margin=&#8221;no&#8221;]\t\n\t\t\t<div id=\"wd-5d2cba3516308\" class=\"woodmart-text-block-wrapper color-scheme-custom woodmart-title-size-default woodmart-title-width-90 text-center \">\n\t\t\t\t<div class=\"woodmart-title-container woodmart-text-block font-primary woodmart-font-weight-\">\n\t\t\t\t\tCoolSculpting is a technology developed to shape the body, eliminating regional excesses that are resistant to diet, even exercise. FDA-approved CoolSculpting is a safe treatment that freezes unwanted fat cells and most important is that it is non surgical.<\/p>\n<p>Bunun en iyi kan\u0131t\u0131 ise bug\u00fcne kadar t\u00fcm d\u00fcnyada 5 milyondan fazla CoolSculpting seans\u0131 uygulanm\u0131\u015f olmas\u0131d\u0131r. \u0130\u015flem ya\u011f h\u00fccrelerini kal\u0131c\u0131 olarak yok eder.\t\t\t\t<\/div>\n\t\t\t\t\t\n\t\t\t<\/div>\n\t\t[\/vc_column][vc_column width=&#8221;2\/3&#8243;][\/vc_column][\/vc_row]<\/p>\n","protected":false},"excerpt":{"rendered":"<p>[vc_row full_width=&#8221;stretch_row&#8221; woodmart_bg_position=&#8221;center-center&#8221; mobile_bg_img_hidden=&#8221;no&#8221; woodmart_parallax=&#8221;0&#8243; woodmart_gradient_switch=&#8221;no&#8221; row_reverse_mobile=&#8221;0&#8243; row_reverse_tablet=&#8221;0&#8243; woodmart_disable_overflow=&#8221;0&#8243; css=&#8221;.vc_custom_1614818522740{margin-top: -40px !important;padding-top: 140px !important;padding-bottom: 140px !important;background-image: url(https:\/\/www.coolclinic.com.tr\/wp-content\/uploads\/2021\/03\/Kilo-Kaybi-ve-Yag-Azalmasi.jpg?id=3710) !important;background-position: 0 0<\/p>\n","protected":false},"author":1,"featured_media":0,"parent":0,"menu_order":0,"comment_status":"closed","ping_status":"closed","template":"","meta":{"footnotes":""},"class_list":["post-3078","page","type-page","status-publish","hentry"],"aioseo_notices":[],"_links":{"self":[{"href":"https:\/\/www.coolclinic.com.tr\/en\/wp-json\/wp\/v2\/pages\/3078","targetHints":{"allow":["GET"]}}],"collection":[{"href":"https:\/\/www.coolclinic.com.tr\/en\/wp-json\/wp\/v2\/pages"}],"about":[{"href":"https:\/\/www.coolclinic.com.tr\/en\/wp-json\/wp\/v2\/types\/page"}],"author":[{"embeddable":true,"href":"https:\/\/www.coolclinic.com.tr\/en\/wp-json\/wp\/v2\/users\/1"}],"replies":[{"embeddable":true,"href":"https:\/\/www.coolclinic.com.tr\/en\/wp-json\/wp\/v2\/comments?post=3078"}],"version-history":[{"count":29,"href":"https:\/\/www.coolclinic.com.tr\/en\/wp-json\/wp\/v2\/pages\/3078\/revisions"}],"predecessor-version":[{"id":3354,"href":"https:\/\/www.coolclinic.com.tr\/en\/wp-json\/wp\/v2\/pages\/3078\/revisions\/3354"}],"wp:attachment":[{"href":"https:\/\/www.coolclinic.com.tr\/en\/wp-json\/wp\/v2\/media?parent=3078"}],"curies":[{"name":"wp","href":"https:\/\/api.w.org\/{rel}","templated":true}]}}